{"id":557,"date":"2024-01-15T13:08:29","date_gmt":"2024-01-15T13:08:29","guid":{"rendered":"https:\/\/gsl.blocknote.dev\/contact\/"},"modified":"2024-09-02T09:43:45","modified_gmt":"2024-09-02T09:43:45","slug":"contact","status":"publish","type":"page","link":"https:\/\/www.gsl.lu\/fr\/contact\/","title":{"rendered":"Contact"},"content":{"rendered":"<div class=\"fusion-fullwidth fullwidth-box fusion-builder-row-1 fusion-flex-container has-pattern-background has-mask-background nonhundred-percent-fullwidth non-hundred-percent-height-scrolling\" style=\"--awb-border-radius-top-left:0px;--awb-border-radius-top-right:0px;--awb-border-radius-bottom-right:0px;--awb-border-radius-bottom-left:0px;--awb-flex-wrap:wrap;\" ><div class=\"fusion-builder-row fusion-row fusion-flex-align-items-flex-start fusion-flex-justify-content-space-between fusion-flex-content-wrap\" style=\"max-width:1248px;margin-left: calc(-4% \/ 2 );margin-right: calc(-4% \/ 2 );\"><div class=\"fusion-layout-column fusion_builder_column fusion-builder-column-0 fusion-flex-column\" style=\"--awb-bg-size:cover;--awb-width-large:45%;--awb-margin-top-large:0px;--awb-spacing-right-large:4.2666666666667%;--awb-margin-bottom-large:0px;--awb-spacing-left-large:4.2666666666667%;--awb-width-medium:45%;--awb-order-medium:0;--awb-spacing-right-medium:4.2666666666667%;--awb-spacing-left-medium:4.2666666666667%;--awb-width-small:100%;--awb-order-small:0;--awb-spacing-right-small:1.92%;--awb-spacing-left-small:1.92%;\" data-motion-effects=\"[{&quot;type&quot;:&quot;&quot;,&quot;scroll_type&quot;:&quot;transition&quot;,&quot;scroll_direction&quot;:&quot;up&quot;,&quot;transition_speed&quot;:&quot;1&quot;,&quot;fade_type&quot;:&quot;in&quot;,&quot;scale_type&quot;:&quot;up&quot;,&quot;initial_scale&quot;:&quot;1&quot;,&quot;max_scale&quot;:&quot;1.5&quot;,&quot;min_scale&quot;:&quot;0.5&quot;,&quot;initial_rotate&quot;:&quot;0&quot;,&quot;end_rotate&quot;:&quot;30&quot;,&quot;initial_blur&quot;:&quot;0&quot;,&quot;end_blur&quot;:&quot;3&quot;,&quot;start_element&quot;:&quot;top&quot;,&quot;start_viewport&quot;:&quot;bottom&quot;,&quot;end_element&quot;:&quot;bottom&quot;,&quot;end_viewport&quot;:&quot;top&quot;,&quot;mouse_effect&quot;:&quot;track&quot;,&quot;mouse_effect_direction&quot;:&quot;opposite&quot;,&quot;mouse_effect_speed&quot;:&quot;2&quot;,&quot;infinite_animation&quot;:&quot;float&quot;,&quot;infinite_animation_speed&quot;:&quot;2&quot;}]\" data-scroll-devices=\"small-visibility,medium-visibility,large-visibility\"><div class=\"fusion-column-wrapper fusion-column-has-shadow fusion-flex-justify-content-flex-start fusion-content-layout-column\"><div class=\"fusion-separator fusion-full-width-sep\" style=\"align-self: center;margin-left: auto;margin-right: auto;margin-top:25px;margin-bottom:25px;width:100%;\"><\/div><div class=\"fusion-separator fusion-no-small-visibility fusion-no-medium-visibility fusion-full-width-sep\" style=\"align-self: center;margin-left: auto;margin-right: auto;margin-top:25px;margin-bottom:25px;width:100%;\"><\/div><div class=\"fusion-text fusion-text-1 heading-highlight\"><h1 style=\"padding-top: 0px;\">Vous avez des <span class=\"highlight\">questions<\/span> ?<\/h1>\n<\/div><div class=\"fusion-separator fusion-full-width-sep\" style=\"align-self: center;margin-left: auto;margin-right: auto;margin-top:25px;width:100%;\"><\/div><\/div><\/div><div class=\"fusion-layout-column fusion_builder_column fusion-builder-column-1 fusion-flex-column\" style=\"--awb-bg-size:cover;--awb-width-large:55%;--awb-margin-top-large:0px;--awb-spacing-right-large:3.4909090909091%;--awb-margin-bottom-large:0px;--awb-spacing-left-large:3.4909090909091%;--awb-width-medium:55%;--awb-order-medium:0;--awb-spacing-right-medium:3.4909090909091%;--awb-spacing-left-medium:3.4909090909091%;--awb-width-small:100%;--awb-order-small:0;--awb-spacing-right-small:1.92%;--awb-spacing-left-small:1.92%;\" data-motion-effects=\"[{&quot;type&quot;:&quot;&quot;,&quot;scroll_type&quot;:&quot;transition&quot;,&quot;scroll_direction&quot;:&quot;up&quot;,&quot;transition_speed&quot;:&quot;1&quot;,&quot;fade_type&quot;:&quot;in&quot;,&quot;scale_type&quot;:&quot;up&quot;,&quot;initial_scale&quot;:&quot;1&quot;,&quot;max_scale&quot;:&quot;1.5&quot;,&quot;min_scale&quot;:&quot;0.5&quot;,&quot;initial_rotate&quot;:&quot;0&quot;,&quot;end_rotate&quot;:&quot;30&quot;,&quot;initial_blur&quot;:&quot;0&quot;,&quot;end_blur&quot;:&quot;3&quot;,&quot;start_element&quot;:&quot;top&quot;,&quot;start_viewport&quot;:&quot;bottom&quot;,&quot;end_element&quot;:&quot;bottom&quot;,&quot;end_viewport&quot;:&quot;top&quot;,&quot;mouse_effect&quot;:&quot;track&quot;,&quot;mouse_effect_direction&quot;:&quot;opposite&quot;,&quot;mouse_effect_speed&quot;:&quot;2&quot;,&quot;infinite_animation&quot;:&quot;float&quot;,&quot;infinite_animation_speed&quot;:&quot;2&quot;}]\" data-scroll-devices=\"small-visibility,medium-visibility,large-visibility\"><div class=\"fusion-column-wrapper fusion-column-has-shadow fusion-flex-justify-content-flex-start fusion-content-layout-column\"><\/div><\/div><div class=\"fusion-layout-column fusion_builder_column fusion-builder-column-2 fusion-flex-column\" style=\"--awb-bg-size:cover;--awb-width-large:45%;--awb-margin-top-large:0px;--awb-spacing-right-large:4.2666666666667%;--awb-margin-bottom-large:0px;--awb-spacing-left-large:4.2666666666667%;--awb-width-medium:45%;--awb-order-medium:0;--awb-spacing-right-medium:4.2666666666667%;--awb-spacing-left-medium:4.2666666666667%;--awb-width-small:100%;--awb-order-small:0;--awb-spacing-right-small:1.92%;--awb-spacing-left-small:1.92%;\" data-motion-effects=\"[{&quot;type&quot;:&quot;&quot;,&quot;scroll_type&quot;:&quot;transition&quot;,&quot;scroll_direction&quot;:&quot;up&quot;,&quot;transition_speed&quot;:&quot;1&quot;,&quot;fade_type&quot;:&quot;in&quot;,&quot;scale_type&quot;:&quot;up&quot;,&quot;initial_scale&quot;:&quot;1&quot;,&quot;max_scale&quot;:&quot;1.5&quot;,&quot;min_scale&quot;:&quot;0.5&quot;,&quot;initial_rotate&quot;:&quot;0&quot;,&quot;end_rotate&quot;:&quot;30&quot;,&quot;initial_blur&quot;:&quot;0&quot;,&quot;end_blur&quot;:&quot;3&quot;,&quot;start_element&quot;:&quot;top&quot;,&quot;start_viewport&quot;:&quot;bottom&quot;,&quot;end_element&quot;:&quot;bottom&quot;,&quot;end_viewport&quot;:&quot;top&quot;,&quot;mouse_effect&quot;:&quot;track&quot;,&quot;mouse_effect_direction&quot;:&quot;opposite&quot;,&quot;mouse_effect_speed&quot;:&quot;2&quot;,&quot;infinite_animation&quot;:&quot;float&quot;,&quot;infinite_animation_speed&quot;:&quot;2&quot;}]\" data-scroll-devices=\"small-visibility,medium-visibility,large-visibility\"><div class=\"fusion-column-wrapper fusion-column-has-shadow fusion-flex-justify-content-flex-start fusion-content-layout-column\"><div class=\"fusion-text fusion-text-2\"><p>Nous sommes l\u00e0 pour r\u00e9pondre \u00e0 toutes vos questions et pr\u00e9occupations. N&rsquo;h\u00e9sitez pas \u00e0 nous contacter par t\u00e9l\u00e9phone ou par e-mail, ou \u00e0 remplir le formulaire de contact ci-dessous. Nous serons ravis de r\u00e9pondre \u00e0 toutes vos questions et de discuter de la mani\u00e8re dont nous pouvons vous aider.<\/p>\n<\/div><div class=\"fusion-separator fusion-full-width-sep\" style=\"align-self: center;margin-left: auto;margin-right: auto;margin-top:25px;width:100%;\"><\/div><div class=\"fusion-text fusion-text-3 p-highlight\"><p><a href=\"mailto:info@gsl.lu\"><strong>info@gsl.lu<\/strong><\/a><\/p>\n<\/div><div class=\"fusion-text fusion-text-4 p-highlight\"><p><strong>T.: <a href=\"tel:003522617341\">+352 26 17 34 1<\/a><\/strong><\/p>\n<\/div><div class=\"fusion-text fusion-text-5 p-highlight\"><p><strong>1 Bd du Jazz, L-4370 Esch-sur-Alzette<\/strong><br \/>\n<strong>Esch-sur-Alzette, Luxemburg<\/strong><\/p>\n<\/div><div class=\"fusion-separator fusion-full-width-sep\" style=\"align-self: center;margin-left: auto;margin-right: auto;margin-top:25px;width:100%;\"><\/div><div class=\"accordian fusion-accordian\" style=\"--awb-border-size:1px;--awb-icon-size:16px;--awb-content-font-size:var(--awb-typography4-font-size);--awb-icon-alignment:left;--awb-hover-color:rgba(247,247,247,0);--awb-border-color:var(--awb-color4);--awb-background-color:rgba(247,247,247,0);--awb-divider-color:var(--awb-color1);--awb-divider-hover-color:var(--awb-color1);--awb-icon-color:var(--awb-color4);--awb-title-color:var(--awb-color8);--awb-content-color:var(--awb-color8);--awb-icon-box-color:rgba(247,247,247,0);--awb-toggle-hover-accent-color:var(--awb-color5);--awb-title-font-family:var(--awb-typography1-font-family);--awb-title-font-weight:var(--awb-typography1-font-weight);--awb-title-font-style:var(--awb-typography1-font-style);--awb-title-font-size:16px;--awb-content-font-family:var(--awb-typography4-font-family);--awb-content-font-weight:var(--awb-typography4-font-weight);--awb-content-font-style:var(--awb-typography4-font-style);\"><div class=\"panel-group fusion-toggle-icon-boxed\" id=\"accordion-557-1\"><div class=\"fusion-panel panel-default panel-41052d8223a911c3a fusion-toggle-no-divider\" style=\"--awb-title-color:var(--awb-color8);\"><div class=\"panel-heading\"><h4 class=\"panel-title toggle\" id=\"toggle_41052d8223a911c3a\"><a class=\"active\" aria-expanded=\"true\" aria-controls=\"41052d8223a911c3a\" role=\"button\" data-toggle=\"collapse\" data-parent=\"#accordion-557-1\" data-target=\"#41052d8223a911c3a\" href=\"#41052d8223a911c3a\"><span class=\"fusion-toggle-icon-wrapper\" aria-hidden=\"true\"><i class=\"fa-fusion-box active-icon awb-icon-minus\" aria-hidden=\"true\"><\/i><i class=\"fa-fusion-box inactive-icon awb-icon-plus\" aria-hidden=\"true\"><\/i><\/span><span class=\"fusion-toggle-heading\">Choisissez un partenaire de confiance<\/span><\/a><\/h4><\/div><div id=\"41052d8223a911c3a\" class=\"panel-collapse collapse in\" aria-labelledby=\"toggle_41052d8223a911c3a\"><div class=\"panel-body toggle-content fusion-clearfix\">\n<p>Chez GSL, nous croyons en l&rsquo;importance d&rsquo;\u00e9tablir une relation de confiance avec vous pour atteindre vos objectifs actuels et futurs.<\/p>\n<\/div><\/div><\/div><div class=\"fusion-panel panel-default panel-d12d035d599469831 fusion-toggle-no-divider\" style=\"--awb-title-color:var(--awb-color8);\"><div class=\"panel-heading\"><h4 class=\"panel-title toggle\" id=\"toggle_d12d035d599469831\"><a aria-expanded=\"false\" aria-controls=\"d12d035d599469831\" role=\"button\" data-toggle=\"collapse\" data-parent=\"#accordion-557-1\" data-target=\"#d12d035d599469831\" href=\"#d12d035d599469831\"><span class=\"fusion-toggle-icon-wrapper\" aria-hidden=\"true\"><i class=\"fa-fusion-box active-icon awb-icon-minus\" aria-hidden=\"true\"><\/i><i class=\"fa-fusion-box inactive-icon awb-icon-plus\" aria-hidden=\"true\"><\/i><\/span><span class=\"fusion-toggle-heading\">Prenez des d\u00e9cisions \u00e9clair\u00e9es au moment opportun<\/span><\/a><\/h4><\/div><div id=\"d12d035d599469831\" class=\"panel-collapse collapse \" aria-labelledby=\"toggle_d12d035d599469831\"><div class=\"panel-body toggle-content fusion-clearfix\">\n<p>Nous sommes \u00e0 vos c\u00f4t\u00e9s \u00e0 tout moment pour vous guider dans la saisie des opportunit\u00e9s, l&rsquo;anticipation des d\u00e9fis, et pour assurer la p\u00e9rennit\u00e9 de votre entreprise.<\/p>\n<\/div><\/div><\/div><div class=\"fusion-panel panel-default panel-65da92620ebaa2faa fusion-toggle-no-divider\" style=\"--awb-title-color:var(--awb-color8);\"><div class=\"panel-heading\"><h4 class=\"panel-title toggle\" id=\"toggle_65da92620ebaa2faa\"><a aria-expanded=\"false\" aria-controls=\"65da92620ebaa2faa\" role=\"button\" data-toggle=\"collapse\" data-parent=\"#accordion-557-1\" data-target=\"#65da92620ebaa2faa\" href=\"#65da92620ebaa2faa\"><span class=\"fusion-toggle-icon-wrapper\" aria-hidden=\"true\"><i class=\"fa-fusion-box active-icon awb-icon-minus\" aria-hidden=\"true\"><\/i><i class=\"fa-fusion-box inactive-icon awb-icon-plus\" aria-hidden=\"true\"><\/i><\/span><span class=\"fusion-toggle-heading\">Optimisez votre temps et vos performances<\/span><\/a><\/h4><\/div><div id=\"65da92620ebaa2faa\" class=\"panel-collapse collapse \" aria-labelledby=\"toggle_65da92620ebaa2faa\"><div class=\"panel-body toggle-content fusion-clearfix\">\n<p>Nos sp\u00e9cialistes experts, ayant une expertise sectorielle et m\u00e9tier approfondie, vous accompagnent avec pertinence et efficacit\u00e9 pour vous aider \u00e0 \u00a0vous concentrer su le bien-\u00eatre de votre entreprise.<\/p>\n<\/div><\/div><\/div><\/div><\/div><div class=\"fusion-separator fusion-full-width-sep\" style=\"align-self: center;margin-left: auto;margin-right: auto;margin-top:25px;width:100%;\"><\/div><div class=\"fusion-separator fusion-full-width-sep\" style=\"align-self: center;margin-left: auto;margin-right: auto;margin-top:25px;width:100%;\"><\/div><\/div><\/div><div class=\"fusion-layout-column fusion_builder_column fusion-builder-column-3 fusion_builder_column_1_2 1_2 fusion-flex-column\" style=\"--awb-bg-size:cover;--awb-width-large:50%;--awb-margin-top-large:0px;--awb-spacing-right-large:3.84%;--awb-margin-bottom-large:0px;--awb-spacing-left-large:3.84%;--awb-width-medium:50%;--awb-order-medium:0;--awb-spacing-right-medium:3.84%;--awb-spacing-left-medium:3.84%;--awb-width-small:100%;--awb-order-small:0;--awb-spacing-right-small:1.92%;--awb-spacing-left-small:1.92%;\"><div class=\"fusion-column-wrapper fusion-column-has-shadow fusion-flex-justify-content-flex-start fusion-content-layout-column\">\n<div class=\"wpcf7 no-js\" id=\"wpcf7-f832-o1\" lang=\"fr-FR\" dir=\"ltr\">\n<div class=\"screen-reader-response\"><p role=\"status\" aria-live=\"polite\" aria-atomic=\"true\"><\/p> <ul><\/ul><\/div>\n<form action=\"\/fr\/wp-json\/wp\/v2\/pages\/557#wpcf7-f832-o1\" method=\"post\" class=\"wpcf7-form init\" aria-label=\"Formulaire de contact\" novalidate=\"novalidate\" data-status=\"init\">\n<div style=\"display: none;\">\n<input type=\"hidden\" name=\"_wpcf7\" value=\"832\" \/>\n<input type=\"hidden\" name=\"_wpcf7_version\" value=\"5.8.6\" \/>\n<input type=\"hidden\" name=\"_wpcf7_locale\" value=\"fr_FR\" \/>\n<input type=\"hidden\" name=\"_wpcf7_unit_tag\" value=\"wpcf7-f832-o1\" \/>\n<input type=\"hidden\" name=\"_wpcf7_container_post\" value=\"0\" \/>\n<input type=\"hidden\" name=\"_wpcf7_posted_data_hash\" value=\"\" \/>\n<input type=\"hidden\" name=\"_wpcf7_recaptcha_response\" value=\"\" \/>\n<\/div>\n<p><label> Votre nom<br \/>\n<span class=\"wpcf7-form-control-wrap\" data-name=\"your-name\"><input size=\"40\" class=\"wpcf7-form-control wpcf7-text wpcf7-validates-as-required\" autocomplete=\"name\" aria-required=\"true\" aria-invalid=\"false\" value=\"\" type=\"text\" name=\"your-name\" \/><\/span> <\/label>\n<\/p>\n<p><label> Votre e-mail<br \/>\n<span class=\"wpcf7-form-control-wrap\" data-name=\"your-email\"><input size=\"40\" class=\"wpcf7-form-control wpcf7-email wpcf7-validates-as-required wpcf7-text wpcf7-validates-as-email\" autocomplete=\"email\" aria-required=\"true\" aria-invalid=\"false\" value=\"\" type=\"email\" name=\"your-email\" \/><\/span> <\/label>\n<\/p>\n<p><label> Sujet<br \/>\n<span class=\"wpcf7-form-control-wrap\" data-name=\"your-subject\"><input size=\"40\" class=\"wpcf7-form-control wpcf7-text wpcf7-validates-as-required\" aria-required=\"true\" aria-invalid=\"false\" value=\"\" type=\"text\" name=\"your-subject\" \/><\/span> <\/label>\n<\/p>\n<p><label> Votre message (facultatif)<br \/>\n<span class=\"wpcf7-form-control-wrap\" data-name=\"your-message\"><textarea cols=\"40\" rows=\"10\" class=\"wpcf7-form-control wpcf7-textarea\" aria-invalid=\"false\" name=\"your-message\"><\/textarea><\/span> <\/label>\n<\/p>\n<p><input class=\"wpcf7-form-control wpcf7-submit has-spinner\" type=\"submit\" value=\"Envoyer\" \/>\n<\/p><div class=\"fusion-alert alert custom alert-custom fusion-alert-center wpcf7-response-output awb-alert-native-link-color alert-dismissable awb-alert-close-boxed\" style=\"--awb-border-size:1px;--awb-border-top-left-radius:0px;--awb-border-top-right-radius:0px;--awb-border-bottom-left-radius:0px;--awb-border-bottom-right-radius:0px;\" role=\"alert\"><div class=\"fusion-alert-content-wrapper\"><span class=\"fusion-alert-content\"><\/span><\/div><button type=\"button\" class=\"close toggle-alert\" data-dismiss=\"alert\" aria-label=\"Close\">&times;<\/button><\/div>\n<\/form>\n<\/div>\n<\/div><\/div><div class=\"fusion-layout-column fusion_builder_column fusion-builder-column-4 fusion_builder_column_1_1 1_1 fusion-flex-column\" style=\"--awb-bg-size:cover;--awb-width-large:100%;--awb-margin-top-large:0px;--awb-spacing-right-large:1.92%;--awb-margin-bottom-large:0px;--awb-spacing-left-large:1.92%;--awb-width-medium:100%;--awb-order-medium:0;--awb-spacing-right-medium:1.92%;--awb-spacing-left-medium:1.92%;--awb-width-small:100%;--awb-order-small:0;--awb-spacing-right-small:1.92%;--awb-spacing-left-small:1.92%;\"><div class=\"fusion-column-wrapper fusion-column-has-shadow fusion-flex-justify-content-flex-start fusion-content-layout-column\"><div class=\"fusion-separator fusion-full-width-sep\" style=\"align-self: center;margin-left: auto;margin-right: auto;margin-top:25px;margin-bottom:25px;width:100%;\"><\/div><div class=\"fusion-separator fusion-no-small-visibility fusion-no-medium-visibility fusion-full-width-sep\" style=\"align-self: center;margin-left: auto;margin-right: auto;margin-top:25px;margin-bottom:25px;width:100%;\"><\/div><\/div><\/div><\/div><\/div>\n","protected":false},"excerpt":{"rendered":"","protected":false},"author":1,"featured_media":0,"parent":0,"menu_order":0,"comment_status":"closed","ping_status":"closed","template":"100-width.php","meta":{"footnotes":""},"acf":[],"yoast_head":"<!-- This site is optimized with the Yoast SEO plugin v22.0 - https:\/\/yoast.com\/wordpress\/plugins\/seo\/ -->\n<title>Contact | GSL Fiduciaire, R\u00e9vision, Management<\/title>\n<meta name=\"description\" content=\"N&#039;h\u00e9sitez pas \u00e0 nous contacter: info@gsl.lu | +352 26 17 34 1 | 1 bld du Jazz, L-4370 Esch-Belval Esch-sur-Alzette, Luxemburg\" \/>\n<meta name=\"robots\" content=\"index, follow, max-snippet:-1, max-image-preview:large, max-video-preview:-1\" \/>\n<link rel=\"canonical\" href=\"https:\/\/www.gsl.lu\/fr\/contact\/\" \/>\n<meta property=\"og:locale\" content=\"fr_FR\" \/>\n<meta property=\"og:type\" content=\"article\" \/>\n<meta property=\"og:title\" content=\"Contact | GSL Fiduciaire, R\u00e9vision, Management\" \/>\n<meta property=\"og:description\" content=\"N&#039;h\u00e9sitez pas \u00e0 nous contacter: info@gsl.lu | +352 26 17 34 1 | 1 bld du Jazz, L-4370 Esch-Belval Esch-sur-Alzette, Luxemburg\" \/>\n<meta property=\"og:url\" content=\"https:\/\/www.gsl.lu\/fr\/contact\/\" \/>\n<meta property=\"og:site_name\" content=\"GSL\" \/>\n<meta property=\"article:publisher\" content=\"https:\/\/www.facebook.com\/GSLFiduciaire\" \/>\n<meta property=\"article:modified_time\" content=\"2024-09-02T09:43:45+00:00\" \/>\n<meta property=\"og:image\" content=\"https:\/\/www.gsl.lu\/wp-content\/uploads\/2024\/02\/seo.jpg\" \/>\n\t<meta property=\"og:image:width\" content=\"1512\" \/>\n\t<meta property=\"og:image:height\" content=\"1134\" \/>\n\t<meta property=\"og:image:type\" content=\"image\/jpeg\" \/>\n<meta name=\"twitter:card\" content=\"summary_large_image\" \/>\n<meta name=\"twitter:label1\" content=\"Dur\u00e9e de lecture estim\u00e9e\" \/>\n\t<meta name=\"twitter:data1\" content=\"1 minute\" \/>\n<script type=\"application\/ld+json\" class=\"yoast-schema-graph\">{\"@context\":\"https:\/\/schema.org\",\"@graph\":[{\"@type\":\"WebPage\",\"@id\":\"https:\/\/www.gsl.lu\/fr\/contact\/\",\"url\":\"https:\/\/www.gsl.lu\/fr\/contact\/\",\"name\":\"Contact | GSL Fiduciaire, R\u00e9vision, Management\",\"isPartOf\":{\"@id\":\"https:\/\/www.gsl.lu\/fr\/#website\"},\"datePublished\":\"2024-01-15T13:08:29+00:00\",\"dateModified\":\"2024-09-02T09:43:45+00:00\",\"description\":\"N'h\u00e9sitez pas \u00e0 nous contacter: info@gsl.lu | +352 26 17 34 1 | 1 bld du Jazz, L-4370 Esch-Belval Esch-sur-Alzette, Luxemburg\",\"breadcrumb\":{\"@id\":\"https:\/\/www.gsl.lu\/fr\/contact\/#breadcrumb\"},\"inLanguage\":\"fr-FR\",\"potentialAction\":[{\"@type\":\"ReadAction\",\"target\":[\"https:\/\/www.gsl.lu\/fr\/contact\/\"]}]},{\"@type\":\"BreadcrumbList\",\"@id\":\"https:\/\/www.gsl.lu\/fr\/contact\/#breadcrumb\",\"itemListElement\":[{\"@type\":\"ListItem\",\"position\":1,\"name\":\"Home\",\"item\":\"https:\/\/www.gsl.lu\/fr\/\"},{\"@type\":\"ListItem\",\"position\":2,\"name\":\"Contact\"}]},{\"@type\":\"WebSite\",\"@id\":\"https:\/\/www.gsl.lu\/fr\/#website\",\"url\":\"https:\/\/www.gsl.lu\/fr\/\",\"name\":\"GSL\",\"description\":\"Fiduciaire | R\u00e9vision | Management\",\"publisher\":{\"@id\":\"https:\/\/www.gsl.lu\/fr\/#organization\"},\"potentialAction\":[{\"@type\":\"SearchAction\",\"target\":{\"@type\":\"EntryPoint\",\"urlTemplate\":\"https:\/\/www.gsl.lu\/fr\/?s={search_term_string}\"},\"query-input\":\"required name=search_term_string\"}],\"inLanguage\":\"fr-FR\"},{\"@type\":\"Organization\",\"@id\":\"https:\/\/www.gsl.lu\/fr\/#organization\",\"name\":\"GSL - Votre partenaire pour une gestion d\u2019entreprise r\u00e9ussie\",\"url\":\"https:\/\/www.gsl.lu\/fr\/\",\"logo\":{\"@type\":\"ImageObject\",\"inLanguage\":\"fr-FR\",\"@id\":\"https:\/\/www.gsl.lu\/fr\/#\/schema\/logo\/image\/\",\"url\":\"https:\/\/www.gsl.lu\/wp-content\/uploads\/2024\/02\/GSL-Group-Logo-2.jpg\",\"contentUrl\":\"https:\/\/www.gsl.lu\/wp-content\/uploads\/2024\/02\/GSL-Group-Logo-2.jpg\",\"width\":9449,\"height\":9449,\"caption\":\"GSL - Votre partenaire pour une gestion d\u2019entreprise r\u00e9ussie\"},\"image\":{\"@id\":\"https:\/\/www.gsl.lu\/fr\/#\/schema\/logo\/image\/\"},\"sameAs\":[\"https:\/\/www.facebook.com\/GSLFiduciaire\",\"https:\/\/www.linkedin.com\/company\/gsl-fiduciaire\",\"https:\/\/www.instagram.com\/gsl.lu\/\"]}]}<\/script>\n<!-- \/ Yoast SEO plugin. -->","yoast_head_json":{"title":"Contact | GSL Fiduciaire, R\u00e9vision, Management","description":"N'h\u00e9sitez pas \u00e0 nous contacter: info@gsl.lu | +352 26 17 34 1 | 1 bld du Jazz, L-4370 Esch-Belval Esch-sur-Alzette, Luxemburg","robots":{"index":"index","follow":"follow","max-snippet":"max-snippet:-1","max-image-preview":"max-image-preview:large","max-video-preview":"max-video-preview:-1"},"canonical":"https:\/\/www.gsl.lu\/fr\/contact\/","og_locale":"fr_FR","og_type":"article","og_title":"Contact | GSL Fiduciaire, R\u00e9vision, Management","og_description":"N'h\u00e9sitez pas \u00e0 nous contacter: info@gsl.lu | +352 26 17 34 1 | 1 bld du Jazz, L-4370 Esch-Belval Esch-sur-Alzette, Luxemburg","og_url":"https:\/\/www.gsl.lu\/fr\/contact\/","og_site_name":"GSL","article_publisher":"https:\/\/www.facebook.com\/GSLFiduciaire","article_modified_time":"2024-09-02T09:43:45+00:00","og_image":[{"width":1512,"height":1134,"url":"https:\/\/www.gsl.lu\/wp-content\/uploads\/2024\/02\/seo.jpg","type":"image\/jpeg"}],"twitter_card":"summary_large_image","twitter_misc":{"Dur\u00e9e de lecture estim\u00e9e":"1 minute"},"schema":{"@context":"https:\/\/schema.org","@graph":[{"@type":"WebPage","@id":"https:\/\/www.gsl.lu\/fr\/contact\/","url":"https:\/\/www.gsl.lu\/fr\/contact\/","name":"Contact | GSL Fiduciaire, R\u00e9vision, Management","isPartOf":{"@id":"https:\/\/www.gsl.lu\/fr\/#website"},"datePublished":"2024-01-15T13:08:29+00:00","dateModified":"2024-09-02T09:43:45+00:00","description":"N'h\u00e9sitez pas \u00e0 nous contacter: info@gsl.lu | +352 26 17 34 1 | 1 bld du Jazz, L-4370 Esch-Belval Esch-sur-Alzette, Luxemburg","breadcrumb":{"@id":"https:\/\/www.gsl.lu\/fr\/contact\/#breadcrumb"},"inLanguage":"fr-FR","potentialAction":[{"@type":"ReadAction","target":["https:\/\/www.gsl.lu\/fr\/contact\/"]}]},{"@type":"BreadcrumbList","@id":"https:\/\/www.gsl.lu\/fr\/contact\/#breadcrumb","itemListElement":[{"@type":"ListItem","position":1,"name":"Home","item":"https:\/\/www.gsl.lu\/fr\/"},{"@type":"ListItem","position":2,"name":"Contact"}]},{"@type":"WebSite","@id":"https:\/\/www.gsl.lu\/fr\/#website","url":"https:\/\/www.gsl.lu\/fr\/","name":"GSL","description":"Fiduciaire | R\u00e9vision | Management","publisher":{"@id":"https:\/\/www.gsl.lu\/fr\/#organization"},"potentialAction":[{"@type":"SearchAction","target":{"@type":"EntryPoint","urlTemplate":"https:\/\/www.gsl.lu\/fr\/?s={search_term_string}"},"query-input":"required name=search_term_string"}],"inLanguage":"fr-FR"},{"@type":"Organization","@id":"https:\/\/www.gsl.lu\/fr\/#organization","name":"GSL - Votre partenaire pour une gestion d\u2019entreprise r\u00e9ussie","url":"https:\/\/www.gsl.lu\/fr\/","logo":{"@type":"ImageObject","inLanguage":"fr-FR","@id":"https:\/\/www.gsl.lu\/fr\/#\/schema\/logo\/image\/","url":"https:\/\/www.gsl.lu\/wp-content\/uploads\/2024\/02\/GSL-Group-Logo-2.jpg","contentUrl":"https:\/\/www.gsl.lu\/wp-content\/uploads\/2024\/02\/GSL-Group-Logo-2.jpg","width":9449,"height":9449,"caption":"GSL - Votre partenaire pour une gestion d\u2019entreprise r\u00e9ussie"},"image":{"@id":"https:\/\/www.gsl.lu\/fr\/#\/schema\/logo\/image\/"},"sameAs":["https:\/\/www.facebook.com\/GSLFiduciaire","https:\/\/www.linkedin.com\/company\/gsl-fiduciaire","https:\/\/www.instagram.com\/gsl.lu\/"]}]}},"jetpack_sharing_enabled":true,"_links":{"self":[{"href":"https:\/\/www.gsl.lu\/fr\/wp-json\/wp\/v2\/pages\/557"}],"collection":[{"href":"https:\/\/www.gsl.lu\/fr\/wp-json\/wp\/v2\/pages"}],"about":[{"href":"https:\/\/www.gsl.lu\/fr\/wp-json\/wp\/v2\/types\/page"}],"author":[{"embeddable":true,"href":"https:\/\/www.gsl.lu\/fr\/wp-json\/wp\/v2\/users\/1"}],"replies":[{"embeddable":true,"href":"https:\/\/www.gsl.lu\/fr\/wp-json\/wp\/v2\/comments?post=557"}],"version-history":[{"count":15,"href":"https:\/\/www.gsl.lu\/fr\/wp-json\/wp\/v2\/pages\/557\/revisions"}],"predecessor-version":[{"id":566,"href":"https:\/\/www.gsl.lu\/fr\/wp-json\/wp\/v2\/pages\/557\/revisions\/566"}],"wp:attachment":[{"href":"https:\/\/www.gsl.lu\/fr\/wp-json\/wp\/v2\/media?parent=557"}],"curies":[{"name":"wp","href":"https:\/\/api.w.org\/{rel}","templated":true}]}}