{"id":972,"date":"2024-08-30T08:22:21","date_gmt":"2024-08-30T08:22:21","guid":{"rendered":"https:\/\/www.gsl.lu\/?page_id=972"},"modified":"2025-07-07T12:26:08","modified_gmt":"2025-07-07T12:26:08","slug":"carriere","status":"publish","type":"page","link":"https:\/\/www.gsl.lu\/fr\/carriere\/","title":{"rendered":"Carri\u00e8re"},"content":{"rendered":"<p><div class=\"fusion-fullwidth fullwidth-box fusion-builder-row-1 fusion-flex-container has-pattern-background has-mask-background nonhundred-percent-fullwidth non-hundred-percent-height-scrolling\" style=\"--awb-border-radius-top-left:0px;--awb-border-radius-top-right:0px;--awb-border-radius-bottom-right:0px;--awb-border-radius-bottom-left:0px;--awb-flex-wrap:wrap;\" ><div class=\"fusion-builder-row fusion-row fusion-flex-align-items-flex-start fusion-flex-content-wrap\" style=\"max-width:1248px;margin-left: calc(-4% \/ 2 );margin-right: calc(-4% \/ 2 );\"><div class=\"fusion-layout-column fusion_builder_column fusion-builder-column-0 fusion_builder_column_1_1 1_1 fusion-flex-column\" style=\"--awb-bg-size:cover;--awb-width-large:100%;--awb-margin-top-large:0px;--awb-spacing-right-large:1.92%;--awb-margin-bottom-large:0px;--awb-spacing-left-large:1.92%;--awb-width-medium:100%;--awb-order-medium:0;--awb-spacing-right-medium:1.92%;--awb-spacing-left-medium:1.92%;--awb-width-small:100%;--awb-order-small:0;--awb-spacing-right-small:1.92%;--awb-spacing-left-small:1.92%;\"><div class=\"fusion-column-wrapper fusion-column-has-shadow fusion-flex-justify-content-flex-start fusion-content-layout-column\"><div class=\"fusion-text fusion-text-1 heading-highlight\"><div><strong style=\"padding-bottom: 0px;\">Nous recrutons.<\/strong><\/div>\n<h1 style=\"padding-top: 0px;\">Rejoignez notre \u00e9quipe!<\/h1>\n<\/div><div class=\"fusion-separator fusion-full-width-sep\" style=\"align-self: center;margin-left: auto;margin-right: auto;margin-top:25px;margin-bottom:25px;width:100%;\"><\/div><div class=\"fusion-text fusion-text-2\"><p style=\"text-align: left;\">Depuis 2007, GSL se distingue par son engagement envers la confiance, la collaboration et l&rsquo;excellence professionnelle. En rejoignant notre \u00e9quipe, vous acc\u00e9dez \u00e0 des projets captivants dans les domaines de l&rsquo;audit, de la fiscalit\u00e9 et du management, tout en travaillant aux c\u00f4t\u00e9s de coll\u00e8gues passionn\u00e9s, d\u00e9di\u00e9s \u00e0 l&rsquo;innovation et \u00e0 l&rsquo;am\u00e9lioration continue. Explorez comment vous pouvez \u00e9voluer avec GSL, dans un cadre qui valorise votre croissance personnelle et la r\u00e9ussite collective.<\/p>\n<\/div><div class=\"fusion-separator fusion-full-width-sep\" style=\"align-self: center;margin-left: auto;margin-right: auto;margin-top:25px;margin-bottom:25px;width:100%;\"><\/div><div class=\"fusion-recent-posts gsl-recent-posts fusion-recent-posts-1 avada-container layout-default layout-columns-3 gsl-recent-posts fusion-recent-posts-left\"><section class=\"fusion-columns columns fusion-columns-3 columns-3\"><article class=\"post fusion-column column col col-lg-4 col-md-4 col-sm-4\"><div class=\"fusion-flexslider fusion-flexslider-loading flexslider flexslider-hover-type-none\"><ul class=\"slides\"><li><a href=\"https:\/\/www.gsl.lu\/fr\/nous-recrutons-comptable-fiscaliste-experimentee-m-f\/\" aria-label=\"Nous recrutons: Comptable exp\u00e9riment\u00e9(e) (m\/f\/d)\" class=\"hover-type-none\"><img decoding=\"async\" width=\"700\" height=\"441\" src=\"https:\/\/www.gsl.lu\/wp-content\/uploads\/2024\/02\/gsl-16-700x441.jpg\" class=\"attachment-recent-posts size-recent-posts\" alt=\"\" srcset=\"https:\/\/www.gsl.lu\/wp-content\/uploads\/2024\/02\/gsl-16-320x202.jpg 320w, https:\/\/www.gsl.lu\/wp-content\/uploads\/2024\/02\/gsl-16-700x441.jpg 700w\" sizes=\"(max-width: 700px) 100vw, 700px\" \/><\/a><\/li><\/ul><\/div><div class=\"recent-posts-content\"><span class=\"vcard\" style=\"display: none;\"><span class=\"fn\"><a href=\"https:\/\/www.gsl.lu\/fr\/author\/kontaktcynthiacocard-com\/\" title=\"Articles par Cynthia Cocard\" rel=\"author\">Cynthia Cocard<\/a><\/span><\/span><span class=\"updated\" style=\"display:none;\">2025-12-08T10:41:29+00:00<\/span><h4 class=\"entry-title\"><a href=\"https:\/\/www.gsl.lu\/fr\/nous-recrutons-comptable-fiscaliste-experimentee-m-f\/\">Nous recrutons: Comptable exp\u00e9riment\u00e9(e) (m\/f\/d)<\/a><\/h4><p>   Nous recherchons un(e) professionnel(le) de la comptabilit\u00e9 pr\u00eat(e) \u00e0 g\u00e9rer un portefeuille de clients vari\u00e9s avec rigueur et expertise. Si vous appr\u00e9ciez [...]<\/p><a class=\"link\" target=\"_self\" href=\"https:\/\/www.gsl.lu\/fr\/nous-recrutons-comptable-fiscaliste-experimentee-m-f\/\">Plus d'informations<\/a><\/div><\/article><article class=\"post fusion-column column col col-lg-4 col-md-4 col-sm-4\"><div class=\"fusion-flexslider fusion-flexslider-loading flexslider flexslider-hover-type-none\"><ul class=\"slides\"><li><a href=\"https:\/\/www.gsl.lu\/fr\/fiscaliste\/\" aria-label=\"Nous recrutons: Fiscaliste (m\/f\/d)\" class=\"hover-type-none\"><img decoding=\"async\" width=\"700\" height=\"441\" src=\"https:\/\/www.gsl.lu\/wp-content\/uploads\/2024\/06\/IMG_1324-700x441.jpg\" class=\"attachment-recent-posts size-recent-posts\" alt=\"nous recrutons: titre\" srcset=\"https:\/\/www.gsl.lu\/wp-content\/uploads\/2024\/06\/IMG_1324-320x202.jpg 320w, https:\/\/www.gsl.lu\/wp-content\/uploads\/2024\/06\/IMG_1324-700x441.jpg 700w\" sizes=\"(max-width: 700px) 100vw, 700px\" \/><\/a><\/li><\/ul><\/div><div class=\"recent-posts-content\"><span class=\"vcard\" style=\"display: none;\"><span class=\"fn\"><a href=\"https:\/\/www.gsl.lu\/fr\/author\/kontaktcynthiacocard-com\/\" title=\"Articles par Cynthia Cocard\" rel=\"author\">Cynthia Cocard<\/a><\/span><\/span><span class=\"updated\" style=\"display:none;\">2025-12-08T10:33:40+00:00<\/span><h4 class=\"entry-title\"><a href=\"https:\/\/www.gsl.lu\/fr\/fiscaliste\/\">Nous recrutons: Fiscaliste (m\/f\/d)<\/a><\/h4><p>   GSL, fond\u00e9 en 2007, est devenue un acteur cl\u00e9 dans le domaine de l'expertise-comptable au Luxembourg. Situ\u00e9e id\u00e9alement \u00e0 Belval, notre \u00e9quipe [...]<\/p><a class=\"link\" target=\"_self\" href=\"https:\/\/www.gsl.lu\/fr\/fiscaliste\/\">Plus d'informations<\/a><\/div><\/article><article class=\"post fusion-column column col col-lg-4 col-md-4 col-sm-4\"><div class=\"fusion-flexslider fusion-flexslider-loading flexslider flexslider-hover-type-none\"><ul class=\"slides\"><li><a href=\"https:\/\/www.gsl.lu\/fr\/nous-recrutons-audit-assistant\/\" aria-label=\"Nous recrutons: Audit Assistant (m\/f\/d)\" class=\"hover-type-none\"><img decoding=\"async\" width=\"700\" height=\"441\" src=\"https:\/\/www.gsl.lu\/wp-content\/uploads\/2024\/10\/GSL-23102024-1-700x441.jpg\" class=\"attachment-recent-posts size-recent-posts\" alt=\"Odoo et GSL\" srcset=\"https:\/\/www.gsl.lu\/wp-content\/uploads\/2024\/10\/GSL-23102024-1-320x202.jpg 320w, https:\/\/www.gsl.lu\/wp-content\/uploads\/2024\/10\/GSL-23102024-1-700x441.jpg 700w\" sizes=\"(max-width: 700px) 100vw, 700px\" \/><\/a><\/li><\/ul><\/div><div class=\"recent-posts-content\"><span class=\"vcard\" style=\"display: none;\"><span class=\"fn\"><a href=\"https:\/\/www.gsl.lu\/fr\/author\/kontaktcynthiacocard-com\/\" title=\"Articles par Cynthia Cocard\" rel=\"author\">Cynthia Cocard<\/a><\/span><\/span><span class=\"updated\" style=\"display:none;\">2026-02-10T15:21:22+00:00<\/span><h4 class=\"entry-title\"><a href=\"https:\/\/www.gsl.lu\/fr\/nous-recrutons-audit-assistant\/\">Nous recrutons: Audit Assistant (m\/f\/d)<\/a><\/h4><p>  Nous recrutons - mir stellen an! Envie de mettre \u00e0 profit vos comp\u00e9tences en audit dans un cadre dynamique et formateur ? En [...]<\/p><a class=\"link\" target=\"_self\" href=\"https:\/\/www.gsl.lu\/fr\/nous-recrutons-audit-assistant\/\">Plus d'informations<\/a><\/div><\/article><\/section><\/div><div class=\"fusion-separator fusion-full-width-sep\" style=\"align-self: center;margin-left: auto;margin-right: auto;margin-top:25px;margin-bottom:25px;width:100%;\"><\/div><\/div><\/div><\/div><\/div><div class=\"fusion-fullwidth fullwidth-box fusion-builder-row-2 fusion-flex-container has-pattern-background has-mask-background nonhundred-percent-fullwidth non-hundred-percent-height-scrolling\" style=\"--awb-border-color:#9f9f9f;--awb-border-radius-top-left:0px;--awb-border-radius-top-right:0px;--awb-border-radius-bottom-right:0px;--awb-border-radius-bottom-left:0px;--awb-background-color:var(--awb-custom_color_3);--awb-flex-wrap:wrap;\" ><div class=\"fusion-builder-row fusion-row fusion-flex-align-items-center fusion-flex-justify-content-space-between fusion-flex-content-wrap\" style=\"max-width:1248px;margin-left: calc(-4% \/ 2 );margin-right: calc(-4% \/ 2 );\"><div class=\"fusion-layout-column fusion_builder_column fusion-builder-column-1 fusion_builder_column_1_1 1_1 fusion-flex-column\" style=\"--awb-bg-size:cover;--awb-width-large:100%;--awb-margin-top-large:0px;--awb-spacing-right-large:1.92%;--awb-margin-bottom-large:0px;--awb-spacing-left-large:1.92%;--awb-width-medium:100%;--awb-order-medium:0;--awb-spacing-right-medium:1.92%;--awb-spacing-left-medium:1.92%;--awb-width-small:100%;--awb-order-small:0;--awb-spacing-right-small:1.92%;--awb-spacing-left-small:1.92%;\"><div class=\"fusion-column-wrapper fusion-column-has-shadow fusion-flex-justify-content-flex-start fusion-content-layout-column\"><div class=\"fusion-separator fusion-full-width-sep\" style=\"align-self: center;margin-left: auto;margin-right: auto;margin-top:25px;margin-bottom:25px;width:100%;\"><\/div><div class=\"fusion-separator fusion-no-small-visibility fusion-no-medium-visibility fusion-full-width-sep\" style=\"align-self: center;margin-left: auto;margin-right: auto;margin-top:25px;margin-bottom:25px;width:100%;\"><\/div><\/div><\/div><div class=\"fusion-layout-column fusion_builder_column fusion-builder-column-2 fusion_builder_column_1_2 1_2 fusion-flex-column\" style=\"--awb-bg-size:cover;--awb-width-large:50%;--awb-margin-top-large:0px;--awb-spacing-right-large:3.84%;--awb-margin-bottom-large:0px;--awb-spacing-left-large:3.84%;--awb-width-medium:50%;--awb-order-medium:0;--awb-spacing-right-medium:3.84%;--awb-spacing-left-medium:3.84%;--awb-width-small:100%;--awb-order-small:0;--awb-spacing-right-small:1.92%;--awb-spacing-left-small:1.92%;\" data-motion-effects=\"[{&quot;type&quot;:&quot;&quot;,&quot;scroll_type&quot;:&quot;transition&quot;,&quot;scroll_direction&quot;:&quot;up&quot;,&quot;transition_speed&quot;:&quot;1&quot;,&quot;fade_type&quot;:&quot;in&quot;,&quot;scale_type&quot;:&quot;up&quot;,&quot;initial_scale&quot;:&quot;1&quot;,&quot;max_scale&quot;:&quot;1.5&quot;,&quot;min_scale&quot;:&quot;0.5&quot;,&quot;initial_rotate&quot;:&quot;0&quot;,&quot;end_rotate&quot;:&quot;30&quot;,&quot;initial_blur&quot;:&quot;0&quot;,&quot;end_blur&quot;:&quot;3&quot;,&quot;start_element&quot;:&quot;top&quot;,&quot;start_viewport&quot;:&quot;bottom&quot;,&quot;end_element&quot;:&quot;bottom&quot;,&quot;end_viewport&quot;:&quot;top&quot;,&quot;mouse_effect&quot;:&quot;track&quot;,&quot;mouse_effect_direction&quot;:&quot;opposite&quot;,&quot;mouse_effect_speed&quot;:&quot;2&quot;,&quot;infinite_animation&quot;:&quot;float&quot;,&quot;infinite_animation_speed&quot;:&quot;2&quot;}]\" data-scroll-devices=\"small-visibility,medium-visibility,large-visibility\"><div class=\"fusion-column-wrapper fusion-column-has-shadow fusion-flex-justify-content-flex-start fusion-content-layout-column\"><div class=\"fusion-text fusion-text-3 heading-highlight\"><h2 style=\"padding-top: 0px;\">Votre candidature.<\/h2>\n<\/div><div class=\"fusion-separator fusion-full-width-sep\" style=\"align-self: center;margin-left: auto;margin-right: auto;margin-top:25px;width:100%;\"><\/div><div class=\"fusion-text fusion-text-4\"><p>Vous souhaitez faire partie de notre aventure chez GSL ? Compl\u00e9tez simplement votre candidature via le formulaire ci-dessous.<\/p>\n<\/div><div class=\"fusion-separator fusion-full-width-sep\" style=\"align-self: center;margin-left: auto;margin-right: auto;margin-top:25px;width:100%;\"><\/div><div ><a class=\"fusion-button button-flat fusion-button-default-size button-default fusion-button-default button-1 fusion-button-default-span fusion-button-default-type\" target=\"_self\" href=\"https:\/\/www.gsl.lu\/fr\/postuler\/\"><span class=\"fusion-button-text\">postulez ici<\/span><\/a><\/div><div class=\"fusion-separator fusion-full-width-sep\" style=\"align-self: center;margin-left: auto;margin-right: auto;margin-top:25px;width:100%;\"><\/div><div class=\"fusion-separator fusion-full-width-sep\" style=\"align-self: center;margin-left: auto;margin-right: auto;margin-top:25px;width:100%;\"><\/div><\/div><\/div><div class=\"fusion-layout-column fusion_builder_column fusion-builder-column-3 fusion_builder_column_2_5 2_5 fusion-flex-column\" style=\"--awb-bg-size:cover;--awb-width-large:40%;--awb-margin-top-large:0px;--awb-spacing-right-large:4.8%;--awb-margin-bottom-large:0px;--awb-spacing-left-large:4.8%;--awb-width-medium:40%;--awb-order-medium:0;--awb-spacing-right-medium:4.8%;--awb-spacing-left-medium:4.8%;--awb-width-small:100%;--awb-order-small:0;--awb-spacing-right-small:1.92%;--awb-spacing-left-small:1.92%;\" data-motion-effects=\"[{&quot;type&quot;:&quot;&quot;,&quot;scroll_type&quot;:&quot;transition&quot;,&quot;scroll_direction&quot;:&quot;up&quot;,&quot;transition_speed&quot;:&quot;1&quot;,&quot;fade_type&quot;:&quot;in&quot;,&quot;scale_type&quot;:&quot;up&quot;,&quot;initial_scale&quot;:&quot;1&quot;,&quot;max_scale&quot;:&quot;1.5&quot;,&quot;min_scale&quot;:&quot;0.5&quot;,&quot;initial_rotate&quot;:&quot;0&quot;,&quot;end_rotate&quot;:&quot;30&quot;,&quot;initial_blur&quot;:&quot;0&quot;,&quot;end_blur&quot;:&quot;3&quot;,&quot;start_element&quot;:&quot;top&quot;,&quot;start_viewport&quot;:&quot;bottom&quot;,&quot;end_element&quot;:&quot;bottom&quot;,&quot;end_viewport&quot;:&quot;top&quot;,&quot;mouse_effect&quot;:&quot;track&quot;,&quot;mouse_effect_direction&quot;:&quot;opposite&quot;,&quot;mouse_effect_speed&quot;:&quot;2&quot;,&quot;infinite_animation&quot;:&quot;float&quot;,&quot;infinite_animation_speed&quot;:&quot;2&quot;}]\" data-scroll-devices=\"small-visibility,medium-visibility,large-visibility\"><div class=\"fusion-column-wrapper fusion-column-has-shadow fusion-flex-justify-content-flex-start fusion-content-layout-column\"><div class=\"fusion-image-element \" style=\"--awb-aspect-ratio:1 \/ 1;--awb-object-position:41% 48%;--awb-caption-title-font-family:var(--h2_typography-font-family);--awb-caption-title-font-weight:var(--h2_typography-font-weight);--awb-caption-title-font-style:var(--h2_typography-font-style);--awb-caption-title-size:var(--h2_typography-font-size);--awb-caption-title-transform:var(--h2_typography-text-transform);--awb-caption-title-line-height:var(--h2_typography-line-height);--awb-caption-title-letter-spacing:var(--h2_typography-letter-spacing);\"><span class=\" fusion-imageframe imageframe-none imageframe-1 hover-type-none has-aspect-ratio\"><img decoding=\"async\" width=\"300\" height=\"200\" alt=\"GSL\" title=\"gsl-21\" src=\"https:\/\/www.gsl.lu\/wp-content\/uploads\/2024\/01\/gsl-21-1-300x200.jpg\" class=\"img-responsive wp-image-501 img-with-aspect-ratio\" srcset=\"https:\/\/www.gsl.lu\/wp-content\/uploads\/2024\/01\/gsl-21-1-200x133.jpg 200w, https:\/\/www.gsl.lu\/wp-content\/uploads\/2024\/01\/gsl-21-1-400x267.jpg 400w, https:\/\/www.gsl.lu\/wp-content\/uploads\/2024\/01\/gsl-21-1-600x400.jpg 600w, https:\/\/www.gsl.lu\/wp-content\/uploads\/2024\/01\/gsl-21-1-800x533.jpg 800w, https:\/\/www.gsl.lu\/wp-content\/uploads\/2024\/01\/gsl-21-1-1200x800.jpg 1200w\" sizes=\"(max-width: 640px) 100vw, 600px\" \/><\/span><\/div><div class=\"fusion-separator fusion-no-medium-visibility fusion-no-large-visibility fusion-full-width-sep\" style=\"align-self: center;margin-left: auto;margin-right: auto;margin-top:25px;margin-bottom:25px;width:100%;\"><\/div><\/div><\/div><div class=\"fusion-layout-column fusion_builder_column fusion-builder-column-4 fusion_builder_column_1_1 1_1 fusion-flex-column\" style=\"--awb-bg-size:cover;--awb-width-large:100%;--awb-margin-top-large:0px;--awb-spacing-right-large:1.92%;--awb-margin-bottom-large:0px;--awb-spacing-left-large:1.92%;--awb-width-medium:100%;--awb-order-medium:0;--awb-spacing-right-medium:1.92%;--awb-spacing-left-medium:1.92%;--awb-width-small:100%;--awb-order-small:0;--awb-spacing-right-small:1.92%;--awb-spacing-left-small:1.92%;\"><div class=\"fusion-column-wrapper fusion-column-has-shadow fusion-flex-justify-content-flex-start fusion-content-layout-column\"><div class=\"fusion-separator fusion-full-width-sep\" style=\"align-self: center;margin-left: auto;margin-right: auto;margin-top:25px;margin-bottom:25px;width:100%;\"><\/div><div class=\"fusion-separator fusion-no-small-visibility fusion-no-medium-visibility fusion-full-width-sep\" style=\"align-self: center;margin-left: auto;margin-right: auto;margin-top:25px;margin-bottom:25px;width:100%;\"><\/div><\/div><\/div><\/div><\/div><\/p>\n","protected":false},"excerpt":{"rendered":"","protected":false},"author":2,"featured_media":0,"parent":0,"menu_order":0,"comment_status":"closed","ping_status":"closed","template":"100-width.php","meta":{"footnotes":""},"acf":[],"yoast_head":"<!-- This site is optimized with the Yoast SEO plugin v22.0 - https:\/\/yoast.com\/wordpress\/plugins\/seo\/ -->\n<title>Offres d&#039;emploi au Luxembourg | GSL Fiduciaire &amp; Revision<\/title>\n<meta name=\"description\" content=\"Rejoignez notre \u00e9quipe et contribuez \u00e0 notre succ\u00e8s dans les domaines de la comptabilit\u00e9, de la finance et du conseil. Luxembourg, Belval.\" \/>\n<meta name=\"robots\" content=\"index, follow, max-snippet:-1, max-image-preview:large, max-video-preview:-1\" \/>\n<link rel=\"canonical\" href=\"https:\/\/www.gsl.lu\/fr\/carriere\/\" \/>\n<meta property=\"og:locale\" content=\"fr_FR\" \/>\n<meta property=\"og:type\" content=\"article\" \/>\n<meta property=\"og:title\" content=\"Offres d&#039;emploi au Luxembourg | GSL Fiduciaire &amp; Revision\" \/>\n<meta property=\"og:description\" content=\"Rejoignez notre \u00e9quipe et contribuez \u00e0 notre succ\u00e8s dans les domaines de la comptabilit\u00e9, de la finance et du conseil. Luxembourg, Belval.\" \/>\n<meta property=\"og:url\" content=\"https:\/\/www.gsl.lu\/fr\/carriere\/\" \/>\n<meta property=\"og:site_name\" content=\"GSL\" \/>\n<meta property=\"article:publisher\" content=\"https:\/\/www.facebook.com\/GSLFiduciaire\" \/>\n<meta property=\"article:modified_time\" content=\"2025-07-07T12:26:08+00:00\" \/>\n<meta property=\"og:image\" content=\"https:\/\/www.gsl.lu\/wp-content\/uploads\/2024\/02\/seo.jpg\" \/>\n\t<meta property=\"og:image:width\" content=\"1512\" \/>\n\t<meta property=\"og:image:height\" content=\"1134\" \/>\n\t<meta property=\"og:image:type\" content=\"image\/jpeg\" \/>\n<meta name=\"twitter:card\" content=\"summary_large_image\" \/>\n<script type=\"application\/ld+json\" class=\"yoast-schema-graph\">{\"@context\":\"https:\/\/schema.org\",\"@graph\":[{\"@type\":\"WebPage\",\"@id\":\"https:\/\/www.gsl.lu\/fr\/carriere\/\",\"url\":\"https:\/\/www.gsl.lu\/fr\/carriere\/\",\"name\":\"Offres d'emploi au Luxembourg | GSL Fiduciaire & Revision\",\"isPartOf\":{\"@id\":\"https:\/\/www.gsl.lu\/fr\/#website\"},\"datePublished\":\"2024-08-30T08:22:21+00:00\",\"dateModified\":\"2025-07-07T12:26:08+00:00\",\"description\":\"Rejoignez notre \u00e9quipe et contribuez \u00e0 notre succ\u00e8s dans les domaines de la comptabilit\u00e9, de la finance et du conseil. Luxembourg, Belval.\",\"breadcrumb\":{\"@id\":\"https:\/\/www.gsl.lu\/fr\/carriere\/#breadcrumb\"},\"inLanguage\":\"fr-FR\",\"potentialAction\":[{\"@type\":\"ReadAction\",\"target\":[\"https:\/\/www.gsl.lu\/fr\/carriere\/\"]}]},{\"@type\":\"BreadcrumbList\",\"@id\":\"https:\/\/www.gsl.lu\/fr\/carriere\/#breadcrumb\",\"itemListElement\":[{\"@type\":\"ListItem\",\"position\":1,\"name\":\"Home\",\"item\":\"https:\/\/www.gsl.lu\/fr\/\"},{\"@type\":\"ListItem\",\"position\":2,\"name\":\"Carri\u00e8re\"}]},{\"@type\":\"WebSite\",\"@id\":\"https:\/\/www.gsl.lu\/fr\/#website\",\"url\":\"https:\/\/www.gsl.lu\/fr\/\",\"name\":\"GSL\",\"description\":\"Fiduciaire | R\u00e9vision | Management\",\"publisher\":{\"@id\":\"https:\/\/www.gsl.lu\/fr\/#organization\"},\"potentialAction\":[{\"@type\":\"SearchAction\",\"target\":{\"@type\":\"EntryPoint\",\"urlTemplate\":\"https:\/\/www.gsl.lu\/fr\/?s={search_term_string}\"},\"query-input\":\"required name=search_term_string\"}],\"inLanguage\":\"fr-FR\"},{\"@type\":\"Organization\",\"@id\":\"https:\/\/www.gsl.lu\/fr\/#organization\",\"name\":\"GSL - Votre partenaire pour une gestion d\u2019entreprise r\u00e9ussie\",\"url\":\"https:\/\/www.gsl.lu\/fr\/\",\"logo\":{\"@type\":\"ImageObject\",\"inLanguage\":\"fr-FR\",\"@id\":\"https:\/\/www.gsl.lu\/fr\/#\/schema\/logo\/image\/\",\"url\":\"https:\/\/www.gsl.lu\/wp-content\/uploads\/2024\/02\/GSL-Group-Logo-2.jpg\",\"contentUrl\":\"https:\/\/www.gsl.lu\/wp-content\/uploads\/2024\/02\/GSL-Group-Logo-2.jpg\",\"width\":9449,\"height\":9449,\"caption\":\"GSL - Votre partenaire pour une gestion d\u2019entreprise r\u00e9ussie\"},\"image\":{\"@id\":\"https:\/\/www.gsl.lu\/fr\/#\/schema\/logo\/image\/\"},\"sameAs\":[\"https:\/\/www.facebook.com\/GSLFiduciaire\",\"https:\/\/www.linkedin.com\/company\/gsl-fiduciaire\",\"https:\/\/www.instagram.com\/gsl.lu\/\"]}]}<\/script>\n<!-- \/ Yoast SEO plugin. -->","yoast_head_json":{"title":"Offres d'emploi au Luxembourg | GSL Fiduciaire & Revision","description":"Rejoignez notre \u00e9quipe et contribuez \u00e0 notre succ\u00e8s dans les domaines de la comptabilit\u00e9, de la finance et du conseil. Luxembourg, Belval.","robots":{"index":"index","follow":"follow","max-snippet":"max-snippet:-1","max-image-preview":"max-image-preview:large","max-video-preview":"max-video-preview:-1"},"canonical":"https:\/\/www.gsl.lu\/fr\/carriere\/","og_locale":"fr_FR","og_type":"article","og_title":"Offres d'emploi au Luxembourg | GSL Fiduciaire & Revision","og_description":"Rejoignez notre \u00e9quipe et contribuez \u00e0 notre succ\u00e8s dans les domaines de la comptabilit\u00e9, de la finance et du conseil. Luxembourg, Belval.","og_url":"https:\/\/www.gsl.lu\/fr\/carriere\/","og_site_name":"GSL","article_publisher":"https:\/\/www.facebook.com\/GSLFiduciaire","article_modified_time":"2025-07-07T12:26:08+00:00","og_image":[{"width":1512,"height":1134,"url":"https:\/\/www.gsl.lu\/wp-content\/uploads\/2024\/02\/seo.jpg","type":"image\/jpeg"}],"twitter_card":"summary_large_image","schema":{"@context":"https:\/\/schema.org","@graph":[{"@type":"WebPage","@id":"https:\/\/www.gsl.lu\/fr\/carriere\/","url":"https:\/\/www.gsl.lu\/fr\/carriere\/","name":"Offres d'emploi au Luxembourg | GSL Fiduciaire & Revision","isPartOf":{"@id":"https:\/\/www.gsl.lu\/fr\/#website"},"datePublished":"2024-08-30T08:22:21+00:00","dateModified":"2025-07-07T12:26:08+00:00","description":"Rejoignez notre \u00e9quipe et contribuez \u00e0 notre succ\u00e8s dans les domaines de la comptabilit\u00e9, de la finance et du conseil. Luxembourg, Belval.","breadcrumb":{"@id":"https:\/\/www.gsl.lu\/fr\/carriere\/#breadcrumb"},"inLanguage":"fr-FR","potentialAction":[{"@type":"ReadAction","target":["https:\/\/www.gsl.lu\/fr\/carriere\/"]}]},{"@type":"BreadcrumbList","@id":"https:\/\/www.gsl.lu\/fr\/carriere\/#breadcrumb","itemListElement":[{"@type":"ListItem","position":1,"name":"Home","item":"https:\/\/www.gsl.lu\/fr\/"},{"@type":"ListItem","position":2,"name":"Carri\u00e8re"}]},{"@type":"WebSite","@id":"https:\/\/www.gsl.lu\/fr\/#website","url":"https:\/\/www.gsl.lu\/fr\/","name":"GSL","description":"Fiduciaire | R\u00e9vision | Management","publisher":{"@id":"https:\/\/www.gsl.lu\/fr\/#organization"},"potentialAction":[{"@type":"SearchAction","target":{"@type":"EntryPoint","urlTemplate":"https:\/\/www.gsl.lu\/fr\/?s={search_term_string}"},"query-input":"required name=search_term_string"}],"inLanguage":"fr-FR"},{"@type":"Organization","@id":"https:\/\/www.gsl.lu\/fr\/#organization","name":"GSL - Votre partenaire pour une gestion d\u2019entreprise r\u00e9ussie","url":"https:\/\/www.gsl.lu\/fr\/","logo":{"@type":"ImageObject","inLanguage":"fr-FR","@id":"https:\/\/www.gsl.lu\/fr\/#\/schema\/logo\/image\/","url":"https:\/\/www.gsl.lu\/wp-content\/uploads\/2024\/02\/GSL-Group-Logo-2.jpg","contentUrl":"https:\/\/www.gsl.lu\/wp-content\/uploads\/2024\/02\/GSL-Group-Logo-2.jpg","width":9449,"height":9449,"caption":"GSL - Votre partenaire pour une gestion d\u2019entreprise r\u00e9ussie"},"image":{"@id":"https:\/\/www.gsl.lu\/fr\/#\/schema\/logo\/image\/"},"sameAs":["https:\/\/www.facebook.com\/GSLFiduciaire","https:\/\/www.linkedin.com\/company\/gsl-fiduciaire","https:\/\/www.instagram.com\/gsl.lu\/"]}]}},"jetpack_sharing_enabled":true,"_links":{"self":[{"href":"https:\/\/www.gsl.lu\/fr\/wp-json\/wp\/v2\/pages\/972"}],"collection":[{"href":"https:\/\/www.gsl.lu\/fr\/wp-json\/wp\/v2\/pages"}],"about":[{"href":"https:\/\/www.gsl.lu\/fr\/wp-json\/wp\/v2\/types\/page"}],"author":[{"embeddable":true,"href":"https:\/\/www.gsl.lu\/fr\/wp-json\/wp\/v2\/users\/2"}],"replies":[{"embeddable":true,"href":"https:\/\/www.gsl.lu\/fr\/wp-json\/wp\/v2\/comments?post=972"}],"version-history":[{"count":20,"href":"https:\/\/www.gsl.lu\/fr\/wp-json\/wp\/v2\/pages\/972\/revisions"}],"predecessor-version":[{"id":1225,"href":"https:\/\/www.gsl.lu\/fr\/wp-json\/wp\/v2\/pages\/972\/revisions\/1225"}],"wp:attachment":[{"href":"https:\/\/www.gsl.lu\/fr\/wp-json\/wp\/v2\/media?parent=972"}],"curies":[{"name":"wp","href":"https:\/\/api.w.org\/{rel}","templated":true}]}}